{"id":196,"date":"2025-05-07T09:07:19","date_gmt":"2025-05-07T10:07:19","guid":{"rendered":"https:\/\/booking.atlanticoline.pt\/pt\/?page_id=196"},"modified":"2025-09-16T07:51:55","modified_gmt":"2025-09-16T08:51:55","slug":"a-minha-reserva","status":"publish","type":"page","link":"https:\/\/booking.atlanticoline.pt\/pt\/a-minha-reserva\/","title":{"rendered":"A Minha Reserva"},"content":{"rendered":"\n<div class=\"wp-block-group\"><div class=\"wp-block-group__inner-container is-layout-constrained wp-block-group-is-layout-constrained\">\n<div class=\"wp-block-columns is-layout-flex wp-container-core-columns-is-layout-9d6595d7 wp-block-columns-is-layout-flex\">\n<div class=\"wp-block-column is-layout-flow wp-block-column-is-layout-flow\">\n<h2 class=\"wp-block-heading\">Gest\u00e3o f\u00e1cil da sua viagem<\/h2>\n\n\n\n<p>Aceda \u00e0 sua reserva de forma simples e r\u00e1pida. <\/p>\n\n\n\n<p>Aqui pode consultar todos os detalhes da sua viagem, obter a documenta\u00e7\u00e3o necess\u00e1ria e efetuar altera\u00e7\u00f5es sempre que precisar. <\/p>\n\n\n\n<p>Uma forma pr\u00e1tica de ter tudo o que precisa da sua viagem num s\u00f3 lugar.<\/p>\n<\/div>\n\n\n\n<div class=\"wp-block-column is-layout-flow wp-block-column-is-layout-flow\"><form method=\"POST\" class=\"cw-login cw-login-booking\" action=\"https:\/\/booking.atlanticoline.pt\/pt\/book\/single-return\/\"><p class=\"error ui-state-error\" style=\"display: none\"><\/p><p class=\"cw-booking-code-container\"><label for=\"cw-login-booking-code\">N\u00famero de Reserva<\/label><input placeholder=\"N\u00famero de Reserva\" type=\"number\" pattern=\"[0-9]*\" name=\"booking\" min=1 value=\"\" id=\"cw-login-booking-code\"\/><\/p><p class=\"cw-booking-password-container\"><label for=\"cw-login-booking-password\">\u00daItimo Nome<\/label><input placeholder=\"\u00daItimo Nome\" type=\"password\" name=\"booking_password\" id=\"cw-login-booking-password\" \/><\/p><input type='hidden' name='cw_bookinglogin_next' value='bookingConfirmation' \/><p class=\"cw-submit-button-container\"><button type=\"submit\">Entrar<\/button><\/p><input type=\"hidden\" name=\"clear\" value=\"1\" \/><\/form><\/p>\n<p>\n<\/div>\n<\/div>\n<\/div><\/div>\n\n\n\n","protected":false},"excerpt":{"rendered":"","protected":false},"author":2,"featured_media":0,"parent":0,"menu_order":0,"comment_status":"closed","ping_status":"closed","template":"","meta":{"_acf_changed":false,"footnotes":""},"tags":[],"class_list":["post-196","page","type-page","status-publish","hentry"],"acf":[],"_links":{"self":[{"href":"https:\/\/booking.atlanticoline.pt\/pt\/wp-json\/wp\/v2\/pages\/196","targetHints":{"allow":["GET"]}}],"collection":[{"href":"https:\/\/booking.atlanticoline.pt\/pt\/wp-json\/wp\/v2\/pages"}],"about":[{"href":"https:\/\/booking.atlanticoline.pt\/pt\/wp-json\/wp\/v2\/types\/page"}],"author":[{"embeddable":true,"href":"https:\/\/booking.atlanticoline.pt\/pt\/wp-json\/wp\/v2\/users\/2"}],"replies":[{"embeddable":true,"href":"https:\/\/booking.atlanticoline.pt\/pt\/wp-json\/wp\/v2\/comments?post=196"}],"version-history":[{"count":6,"href":"https:\/\/booking.atlanticoline.pt\/pt\/wp-json\/wp\/v2\/pages\/196\/revisions"}],"predecessor-version":[{"id":598,"href":"https:\/\/booking.atlanticoline.pt\/pt\/wp-json\/wp\/v2\/pages\/196\/revisions\/598"}],"wp:attachment":[{"href":"https:\/\/booking.atlanticoline.pt\/pt\/wp-json\/wp\/v2\/media?parent=196"}],"wp:term":[{"taxonomy":"post_tag","embeddable":true,"href":"https:\/\/booking.atlanticoline.pt\/pt\/wp-json\/wp\/v2\/tags?post=196"}],"curies":[{"name":"wp","href":"https:\/\/api.w.org\/{rel}","templated":true}]}}