{"id":198,"date":"2025-05-07T09:07:51","date_gmt":"2025-05-07T10:07:51","guid":{"rendered":"https:\/\/booking.atlanticoline.pt\/pt\/?page_id=198"},"modified":"2026-02-09T11:22:38","modified_gmt":"2026-02-09T11:22:38","slug":"entrar-como-agente","status":"publish","type":"page","link":"https:\/\/booking.atlanticoline.pt\/pt\/entrar-como-agente\/","title":{"rendered":"Parceiro"},"content":{"rendered":"\n<div class=\"wp-block-columns is-layout-flex wp-container-core-columns-is-layout-9d6595d7 wp-block-columns-is-layout-flex\">\n<div class=\"wp-block-column is-layout-flow wp-block-column-is-layout-flow\">\n<h2 class=\"wp-block-heading\">Bem-vindo ao Portal do Parceiro.<\/h2>\n\n\n\n<p>Fa\u00e7a a gest\u00e3o das reservas dos seus clientes com rapidez e seguran\u00e7a. Consulte todos os detalhes, emita documenta\u00e7\u00e3o e atualize reservas sempre que necess\u00e1rio. <\/p>\n\n\n\n<p>Uma ferramenta dedicada a simplificar o seu trabalho e refor\u00e7ar o servi\u00e7o prestado.<\/p>\n<\/div>\n\n\n\n<div class=\"wp-block-column is-layout-flow wp-block-column-is-layout-flow\">\t\t<form method=\"POST\" data-redirect-url=\"https:\/\/booking.atlanticoline.pt\/pt\/entrar-como-agente\/\" class=\"cw-component cw-login cw-login-agent  cw-login-agent-ajax\" action=\"https:\/\/booking.atlanticoline.pt\/pt\/book\/single-return\/\"><div class=\"cw-component-agentlogin- cw-component-agentlogin\"><p class=\"error ui-state-error cw-form-error\" style=\"display: none;\"><\/p>\n\n<div class=\"row\">\n    <div class=\"column cw-outercol cw-login-agent-title\">\n        Entrar como agente    <\/div>\n<\/div>\n\n\n<div class=\"row\">\n  <div class=\"column cw-outercol\">\n      <span class=\"cw-label cw-username-label-group\">\n          <label for=\"agent\">Agente<\/label>\n      <\/span>\n      <span class=\"cw-username-input-group\">\n          <input data-msg-required=\"C\u00f3digo de Agente \u00e9 necess\u00e1rio\"\n                 class=\"cw-field required cw-login-agent-username\"\n                 type=\"text\"\n                 name=\"agent\"\n                 placeholder=\"C\u00f3digo de Agente\"\n          \/>\n      <\/span>\n  <\/div>\n<\/div>\n\n<div class=\"row\">\n  <div class=\"column cw-outercol\">\n      <span class=\"cw-label cw-password-label cw-password-label-group\">\n          <label for=\"agent_password\">Palavra-passe<\/label>\n      <\/span>\n      <span class=\"cw-password-input-group\">\n          <input data-msg-required=\"\u00c9 necess\u00e1ria a palavra-passe.\"\n                 maxlength=\"20\"\n                 class=\"cw-field required cw-login-agent-password\"\n                 type=\"password\"\n                 name=\"agent_password\"\n                 placeholder=\"Password de Agente\"\n          \/>\n      <\/span>\n  <\/div>\n<\/div>\n\n<div class=\"row cw-button-row\">\n  <div class=\"column cw-outercol cw-action-group\">\n    <button type=\"submit\">Entrar<\/button>\n  <\/div>\n<\/div>\n\n<input type=\"hidden\" name=\"clear\" value=\"1\" \/>\n<\/div><input type=\"hidden\" id=\"cw_nonce\" name=\"cw_nonce\" value=\"1762a850e1\" \/><input type=\"hidden\" name=\"_wp_http_referer\" value=\"\/pt\/wp-json\/wp\/v2\/pages\/198\" \/><\/form>\n\n\n\n<div class=\"wp-block-group right\"><div class=\"wp-block-group__inner-container is-layout-constrained wp-block-group-is-layout-constrained\"><\/div><\/div>\n<\/div>\n<\/div>\n\n\n\n\n\n\n\n\n\n\n\n\n\n\n<p><\/p>\n","protected":false},"excerpt":{"rendered":"","protected":false},"author":2,"featured_media":0,"parent":0,"menu_order":0,"comment_status":"closed","ping_status":"closed","template":"","meta":{"_acf_changed":false,"footnotes":""},"tags":[],"class_list":["post-198","page","type-page","status-publish","hentry"],"acf":[],"_links":{"self":[{"href":"https:\/\/booking.atlanticoline.pt\/pt\/wp-json\/wp\/v2\/pages\/198","targetHints":{"allow":["GET"]}}],"collection":[{"href":"https:\/\/booking.atlanticoline.pt\/pt\/wp-json\/wp\/v2\/pages"}],"about":[{"href":"https:\/\/booking.atlanticoline.pt\/pt\/wp-json\/wp\/v2\/types\/page"}],"author":[{"embeddable":true,"href":"https:\/\/booking.atlanticoline.pt\/pt\/wp-json\/wp\/v2\/users\/2"}],"replies":[{"embeddable":true,"href":"https:\/\/booking.atlanticoline.pt\/pt\/wp-json\/wp\/v2\/comments?post=198"}],"version-history":[{"count":18,"href":"https:\/\/booking.atlanticoline.pt\/pt\/wp-json\/wp\/v2\/pages\/198\/revisions"}],"predecessor-version":[{"id":1457,"href":"https:\/\/booking.atlanticoline.pt\/pt\/wp-json\/wp\/v2\/pages\/198\/revisions\/1457"}],"wp:attachment":[{"href":"https:\/\/booking.atlanticoline.pt\/pt\/wp-json\/wp\/v2\/media?parent=198"}],"wp:term":[{"taxonomy":"post_tag","embeddable":true,"href":"https:\/\/booking.atlanticoline.pt\/pt\/wp-json\/wp\/v2\/tags?post=198"}],"curies":[{"name":"wp","href":"https:\/\/api.w.org\/{rel}","templated":true}]}}