{"id":472,"date":"2025-06-05T10:55:18","date_gmt":"2025-06-05T11:55:18","guid":{"rendered":"https:\/\/booking.atlanticoline.pt\/pt\/?page_id=472"},"modified":"2026-04-28T23:14:03","modified_gmt":"2026-04-28T23:14:03","slug":"log-in","status":"publish","type":"page","link":"https:\/\/booking.atlanticoline.pt\/pt\/log-in\/","title":{"rendered":"\u00c1rea de Cliente"},"content":{"rendered":"\n<div class=\"wp-block-columns is-layout-flex wp-container-core-columns-is-layout-9d6595d7 wp-block-columns-is-layout-flex\">\n<div class=\"wp-block-column is-layout-flow wp-block-column-is-layout-flow\">\n<h2 class=\"wp-block-heading\">Aceda \u00e0 sua \u00e1rea de cliente<\/h2>\n\n\n\n<p>Entre com os seus dados e tenha acesso r\u00e1pido \u00e0s suas reservas. <\/p>\n\n\n\n<p>Consulte detalhes, fa\u00e7a altera\u00e7\u00f5es, descarregue documenta\u00e7\u00e3o e acompanhe tudo o que precisa para a sua viagem, de forma simples e segura.<\/p>\n\n\n\n<p>Ainda n\u00e3o tem conta? <a href=\"\/pt\/criar-conta\/\" data-type=\"page\" data-id=\"762\">Crie a sua conta aqui<\/a> para come\u00e7ar a gerir as suas viagens online.<\/p>\n\n\n\n<div class=\"wp-block-buttons is-content-justification-center is-nowrap is-layout-flex wp-container-core-buttons-is-layout-1fb9aab6 wp-block-buttons-is-layout-flex\">\n<div class=\"wp-block-button registarnovaconta\"><a class=\"wp-block-button__link has-background has-custom-font-size wp-element-button\" href=\"\/pt\/criar-conta\" style=\"background-color:#6abf4b;font-size:16px;text-transform:uppercase\">rEGISTAR conta<\/a><\/div>\n<\/div>\n\n\n\n<p><\/p>\n<\/div>\n\n\n\n<div class=\"wp-block-column is-layout-flow wp-block-column-is-layout-flow\"><br \/>\n\t\t<form method=\"POST\"  class=\"cw-component cw-login cw-login-customer cw-login-customer-ajax\" action=\"https:\/\/booking.atlanticoline.pt\/pt\/book\/single-return\/?cw_ajax=customer_login\"><div class=\"cw-component-customerlogin- cw-component-customerlogin\"><p class=\"error ui-state-error cw-form-error\" style=\"display: none;\"><\/p>\n<div class=\"row\">\n    <div class=\"column small-12 medium-8 cw-login-sample-text cw-outercol\">\n        Login sample text    <\/div>\n<\/div>\n\n<div class=\"row\">\n  <div class=\"column small-12 medium-8 cw-outercol\">\n      <span class=\"cw-label cw-username-label\">\n          <label for=\"cw-login-customer-customerCode\">Endere\u00e7o de e-mail<\/label>\n      <\/span>\n      <span class=\"cw-login-input-wrapper\">\n          <input data-msg-required=\"E-mail \u00e9 necess\u00e1rio.\" id=\"cw-login-customer-customerCode\" class=\"cw-field required\" type=\"text\" name=\"customerCode\" placeholder=\"C\u00f3digo de Cliente\" value=\"\" \/>\n      <\/span>\n  <\/div>\n<\/div>\n\n<div class=\"row\">\n  <div class=\"column small-12 medium-8 cw-outercol\">\n      <span class=\"cw-label cw-password-label\">\n          <label for=\"cw-login-customer-password\">Palavra-passe<\/label>\n      <\/span>\n      <span class=\"cw-login-input-wrapper cw-login-customer-password-group\">\n          <input data-msg-required=\"\u00c9 necess\u00e1ria a palavra-passe.\" id=\"cw-login-customer-password\" maxlength=\"20\" class=\"cw-field required cw-login-customer-password\" type=\"password\" name=\"password\" placeholder=\"Password de Cliente\" \/>\n      <\/span>\n  <\/div>\n<\/div>\n\n<div class=\"row cw-above-button\">\n  <div class=\"column medium-4 cw-outercol\"><\/div>\n\t<div class=\"column medium-8 cw-outercol\">\n        <div class=\"clearfix\">\n            <input id=\"cw-login-customer-remember\" value=\"1\" class=\"cw-login-customer-remember\" type=\"checkbox\" name=\"rememberCustomer\" \/>\n            <label for=\"cw-login-customer-remember\">Lembrar cliente com sess\u00e3o iniciada<\/label>\n            <a href=\"#\" class=\"cw-customerlogin-showresetform-button underline\">\n                Repor Palavra-passe            <\/a>\n        <\/div>\n        <div class=\"cw-customerlogin-showresetform-message small\"><\/div>\n  <\/div>\n<\/div>\n\n<div class=\"row cw-button-row\">\n  <div class=\"column medium-4 cw-outercol\"><\/div>\n  <div class=\"column medium-8 cw-outercol\">\n    <button type=\"submit\" name=\"\" class=\"expand\">Entrar<\/button>\n    <div class=\"cw-reset-password-under-login-container\">\n        <div class=\"cw-customerlogin-showresetform-message small\"><\/div>\n        <span class=\"cw-reset-password-under-login-button\"><a href=\"#\" class=\"cw-customerlogin-showresetform-button underline\">Repor Palavra-passe<\/a><\/span>\n    <\/div>\n  <\/div>\n<\/div>\n<\/div><input type=\"hidden\" id=\"cw_nonce\" name=\"cw_nonce\" value=\"f262c3c03e\" \/><input type=\"hidden\" name=\"_wp_http_referer\" value=\"\/pt\/wp-json\/wp\/v2\/pages\/472\" \/><\/form><br \/>\n\n<\/div>\n<\/div>\n\n\n\n\n\n\n\n<h2 class=\"wp-block-heading\"><\/h2>\n\n\n\n","protected":false},"excerpt":{"rendered":"","protected":false},"author":5,"featured_media":0,"parent":0,"menu_order":0,"comment_status":"closed","ping_status":"closed","template":"","meta":{"_acf_changed":false,"footnotes":""},"tags":[],"class_list":["post-472","page","type-page","status-publish","hentry"],"acf":[],"_links":{"self":[{"href":"https:\/\/booking.atlanticoline.pt\/pt\/wp-json\/wp\/v2\/pages\/472","targetHints":{"allow":["GET"]}}],"collection":[{"href":"https:\/\/booking.atlanticoline.pt\/pt\/wp-json\/wp\/v2\/pages"}],"about":[{"href":"https:\/\/booking.atlanticoline.pt\/pt\/wp-json\/wp\/v2\/types\/page"}],"author":[{"embeddable":true,"href":"https:\/\/booking.atlanticoline.pt\/pt\/wp-json\/wp\/v2\/users\/5"}],"replies":[{"embeddable":true,"href":"https:\/\/booking.atlanticoline.pt\/pt\/wp-json\/wp\/v2\/comments?post=472"}],"version-history":[{"count":32,"href":"https:\/\/booking.atlanticoline.pt\/pt\/wp-json\/wp\/v2\/pages\/472\/revisions"}],"predecessor-version":[{"id":1528,"href":"https:\/\/booking.atlanticoline.pt\/pt\/wp-json\/wp\/v2\/pages\/472\/revisions\/1528"}],"wp:attachment":[{"href":"https:\/\/booking.atlanticoline.pt\/pt\/wp-json\/wp\/v2\/media?parent=472"}],"wp:term":[{"taxonomy":"post_tag","embeddable":true,"href":"https:\/\/booking.atlanticoline.pt\/pt\/wp-json\/wp\/v2\/tags?post=472"}],"curies":[{"name":"wp","href":"https:\/\/api.w.org\/{rel}","templated":true}]}}